{"id":14975,"date":"2023-05-15T20:06:15","date_gmt":"2023-05-15T20:06:15","guid":{"rendered":"https:\/\/awpli.org\/awpli_staging\/?page_id=14975"},"modified":"2023-07-05T23:13:59","modified_gmt":"2023-07-05T23:13:59","slug":"drugfreecoalition","status":"publish","type":"page","link":"https:\/\/awpli.org\/es\/drugfreecoalition\/","title":{"rendered":"Promesa de la coalici\u00f3n de barrios libres de drogas"},"content":{"rendered":"<div data-elementor-type=\"wp-page\" data-elementor-id=\"14975\" class=\"elementor elementor-14975\">\n\t\t\t\t\t\t<section class=\"elementor-section elementor-top-section elementor-element elementor-element-17ebf919 elementor-section-boxed elementor-section-height-default elementor-section-height-default\" data-id=\"17ebf919\" data-element_type=\"section\" data-settings=\"{&quot;background_background&quot;:&quot;classic&quot;}\">\n\t\t\t\t\t\t\t<div class=\"elementor-background-overlay\"><\/div>\n\t\t\t\t\t\t\t<div class=\"elementor-container elementor-column-gap-default\">\n\t\t\t\t\t<div class=\"elementor-column elementor-col-100 elementor-top-column elementor-element elementor-element-691254c3\" data-id=\"691254c3\" data-element_type=\"column\">\n\t\t\t<div class=\"elementor-widget-wrap elementor-element-populated\">\n\t\t\t\t\t\t<div class=\"elementor-element elementor-element-7188a806 elementor-widget elementor-widget-heading\" data-id=\"7188a806\" data-element_type=\"widget\" data-widget_type=\"heading.default\">\n\t\t\t\t<div class=\"elementor-widget-container\">\n\t\t\t\t\t<h1 class=\"elementor-heading-title elementor-size-default translation-block\">Coalici\u00f3n \"Promise Neighborhoods\" sin drogas (DFC)<\/h1>\t\t\t\t<\/div>\n\t\t\t\t<\/div>\n\t\t\t\t\t<\/div>\n\t\t<\/div>\n\t\t\t\t\t<\/div>\n\t\t<\/section>\n\t\t\t\t<section class=\"elementor-section elementor-top-section elementor-element elementor-element-65abc023 elementor-section-boxed elementor-section-height-default elementor-section-height-default\" data-id=\"65abc023\" data-element_type=\"section\" data-settings=\"{&quot;background_background&quot;:&quot;classic&quot;}\">\n\t\t\t\t\t\t\t<div class=\"elementor-background-overlay\"><\/div>\n\t\t\t\t\t\t\t<div class=\"elementor-container elementor-column-gap-no\">\n\t\t\t\t\t<div class=\"elementor-column elementor-col-100 elementor-top-column elementor-element elementor-element-5630806d\" data-id=\"5630806d\" data-element_type=\"column\">\n\t\t\t<div class=\"elementor-widget-wrap elementor-element-populated\">\n\t\t\t\t\t\t<div class=\"elementor-element elementor-element-350a9be6 elementor-widget elementor-widget-text-editor\" data-id=\"350a9be6\" data-element_type=\"widget\" data-widget_type=\"text-editor.default\">\n\t\t\t\t<div class=\"elementor-widget-container\">\n\t\t\t\t\t\t\t\t\t<span class=\"TextRun SCXW137380321 BCX4\" lang=\"EN-US\" xml:lang=\"EN-US\" data-contrast=\"auto\"><span class=\"NormalTextRun SCXW137380321 BCX4\"><a href=\"https:\/\/awpli.org\/wp-content\/uploads\/2023\/05\/5-Oxon-Hill-High3-18-23.jpg\"><img fetchpriority=\"high\" decoding=\"async\" class=\"alignleft wp-image-14856\" src=\"https:\/\/awpli.org\/wp-content\/uploads\/2023\/05\/5-Oxon-Hill-High3-18-23-1009x1024.jpg\" alt=\"\" width=\"350\" height=\"355\" srcset=\"https:\/\/awpli.org\/wp-content\/uploads\/2023\/05\/5-Oxon-Hill-High3-18-23-1009x1024.jpg 1009w, https:\/\/awpli.org\/wp-content\/uploads\/2023\/05\/5-Oxon-Hill-High3-18-23-296x300.jpg 296w, https:\/\/awpli.org\/wp-content\/uploads\/2023\/05\/5-Oxon-Hill-High3-18-23-768x780.jpg 768w, https:\/\/awpli.org\/wp-content\/uploads\/2023\/05\/5-Oxon-Hill-High3-18-23-1513x1536.jpg 1513w, https:\/\/awpli.org\/wp-content\/uploads\/2023\/05\/5-Oxon-Hill-High3-18-23-1320x1340.jpg 1320w, https:\/\/awpli.org\/wp-content\/uploads\/2023\/05\/5-Oxon-Hill-High3-18-23-600x609.jpg 600w, https:\/\/awpli.org\/wp-content\/uploads\/2023\/05\/5-Oxon-Hill-High3-18-23-100x100.jpg 100w, https:\/\/awpli.org\/wp-content\/uploads\/2023\/05\/5-Oxon-Hill-High3-18-23.jpg 2000w\" sizes=\"(max-width: 350px) 100vw, 350px\" \/><\/a>Promise Neighborhoods est\u00e1 formado por miembros de la comunidad y adolescentes preocupados que buscan prevenir o eliminar el uso indebido de drogas, opioides, alcohol y marihuana en el condado sure\u00f1o de Prince George's County, Maryland. La coalici\u00f3n patrocina eventos comunitarios que educan e informan a todos, especialmente sobre los problemas de abuso de sustancias y sus da\u00f1os. Desde su inicio en octubre de 2014, Promise Neighborhoods Drug Free Coalition ha reunido a expertos y j\u00f3venes para dise\u00f1ar estrategias e implementar pol\u00edticas y programas destinados a generar soluciones s\u00f3lidas para aliviar los desaf\u00edos con el abuso de alcohol, opioides y marihuana entre los adolescentes.\n<br><br>\nLa adicci\u00f3n a las drogas y el alcohol no solo sigue aumentando en nuestra comunidad, sino que ha logrado apoderarse de las vidas de nuestros j\u00f3venes. Promise Neighborhoods est\u00e1 decidida a combatir esta crisis mediante el compromiso, la participaci\u00f3n, la defensa, el aumento del conocimiento y creando conciencia sobre el alcohol, el tabaco, la marihuana y otros problemas de abuso de drogas a trav\u00e9s de intervenciones de educaci\u00f3n y prevenci\u00f3n, para construir una comunidad saludable, segura y libre de drogas. \nNuestra visi\u00f3n es preparar a la pr\u00f3xima generaci\u00f3n de l\u00edderes para el Prince George\u2019s County a nivel local y nacional. \u00a1Nuestra juventud es nuestro ahora!\n<br><br>\nPromise Neighborhoods Drug Free Coalition crea programas, foros y cumbres que se enfocan en la prevenci\u00f3n del abuso de drogas y alcohol. Nos enorgullecemos de educar a ni\u00f1os, adultos j\u00f3venes, padres y miembros de la comunidad para ayudar a los residentes del Prince George's County a prevenir y abstenerse del uso de drogas da\u00f1inas, el consumo de alcohol y tabaco entre menores de edad. La Coalici\u00f3n proporciona una base para el crecimiento que conducir\u00e1 al desarrollo de un car\u00e1cter fuerte, responsabilidad e integridad como l\u00edder juvenil. Es importante para nosotros brindar oportunidades a los j\u00f3venes a medida que maduran, para que puedan explorar las posibilidades de la vida y su plan personal para sus vidas. Nos enfocamos en el papel vital de las familias, los amigos, los medios de comunicaci\u00f3n, las empresas y las comunidades en lo que respecta al problema y la soluci\u00f3n. Promise Neighborhoods Drug Free Coalition apoya otras coaliciones libres de drogas a trav\u00e9s de asociaciones y colaboraciones. Juntos podemos crear una comunidad libre de drogas. \u00a1Ayuda a DFC a alcanzar nuestra meta involucr\u00e1ndote!\n\t\t\t\t\t\t\t\t<\/div>\n\t\t\t\t<\/div>\n\t\t\t\t\t<\/div>\n\t\t<\/div>\n\t\t\t\t\t<\/div>\n\t\t<\/section>\n\t\t\t\t<section class=\"elementor-section elementor-top-section elementor-element elementor-element-e0161fa elementor-section-content-middle elementor-section-boxed elementor-section-height-default elementor-section-height-default\" data-id=\"e0161fa\" data-element_type=\"section\" data-settings=\"{&quot;background_background&quot;:&quot;classic&quot;}\">\n\t\t\t\t\t\t<div class=\"elementor-container elementor-column-gap-default\">\n\t\t\t\t\t<div class=\"elementor-column elementor-col-100 elementor-top-column elementor-element elementor-element-8118032\" data-id=\"8118032\" data-element_type=\"column\">\n\t\t\t<div class=\"elementor-widget-wrap elementor-element-populated\">\n\t\t\t\t\t\t<div class=\"elementor-element elementor-element-cfbfe61 elementor-widget elementor-widget-heading\" data-id=\"cfbfe61\" data-element_type=\"widget\" data-widget_type=\"heading.default\">\n\t\t\t\t<div class=\"elementor-widget-container\">\n\t\t\t\t\t<h2 class=\"elementor-heading-title elementor-size-default\">Recursos de DFC<\/h2>\t\t\t\t<\/div>\n\t\t\t\t<\/div>\n\t\t\t\t\t<\/div>\n\t\t<\/div>\n\t\t\t\t\t<\/div>\n\t\t<\/section>\n\t\t\t\t<section class=\"elementor-section elementor-top-section elementor-element elementor-element-6d959ec0 elementor-section-boxed elementor-section-height-default elementor-section-height-default\" data-id=\"6d959ec0\" data-element_type=\"section\" data-settings=\"{&quot;background_background&quot;:&quot;classic&quot;}\">\n\t\t\t\t\t\t<div class=\"elementor-container elementor-column-gap-default\">\n\t\t\t\t\t<div class=\"elementor-column elementor-col-100 elementor-top-column elementor-element elementor-element-279f6f9\" data-id=\"279f6f9\" data-element_type=\"column\">\n\t\t\t<div class=\"elementor-widget-wrap elementor-element-populated\">\n\t\t\t\t\t\t<div class=\"elementor-element elementor-element-26fc1ab elementor-widget elementor-widget-accordion\" data-id=\"26fc1ab\" data-element_type=\"widget\" data-widget_type=\"accordion.default\">\n\t\t\t\t<div class=\"elementor-widget-container\">\n\t\t\t\t\t\t\t<div class=\"elementor-accordion\">\n\t\t\t\t\t\t\t<div class=\"elementor-accordion-item\">\n\t\t\t\t\t<div id=\"elementor-tab-title-4081\" class=\"elementor-tab-title\" data-tab=\"1\" role=\"button\" aria-controls=\"elementor-tab-content-4081\" aria-expanded=\"false\">\n\t\t\t\t\t\t\t\t\t\t\t\t\t<span class=\"elementor-accordion-icon elementor-accordion-icon-left\" aria-hidden=\"true\">\n\t\t\t\t\t\t\t\t\t\t\t\t\t\t\t<span class=\"elementor-accordion-icon-closed\"><i class=\"fas fa-plus\"><\/i><\/span>\n\t\t\t\t\t\t\t\t<span class=\"elementor-accordion-icon-opened\"><i class=\"fas fa-minus\"><\/i><\/span>\n\t\t\t\t\t\t\t\t\t\t\t\t\t\t<\/span>\n\t\t\t\t\t\t\t\t\t\t\t\t<a class=\"elementor-accordion-title\" tabindex=\"0\">Administraci\u00f3n de Servicios de Abuso de Sustancias y Salud Mental<\/a>\n\t\t\t\t\t<\/div>\n\t\t\t\t\t<div id=\"elementor-tab-content-4081\" class=\"elementor-tab-content elementor-clearfix\" data-tab=\"1\" role=\"region\" aria-labelledby=\"elementor-tab-title-4081\"><p><span style=\"text-decoration: underline;\"><a href=\"https:\/\/www.samhsa.gov\">https:\/\/www.samhsa.gov<\/a><\/span><\/p><\/div>\n\t\t\t\t<\/div>\n\t\t\t\t\t\t\t<div class=\"elementor-accordion-item\">\n\t\t\t\t\t<div id=\"elementor-tab-title-4082\" class=\"elementor-tab-title\" data-tab=\"2\" role=\"button\" aria-controls=\"elementor-tab-content-4082\" aria-expanded=\"false\">\n\t\t\t\t\t\t\t\t\t\t\t\t\t<span class=\"elementor-accordion-icon elementor-accordion-icon-left\" aria-hidden=\"true\">\n\t\t\t\t\t\t\t\t\t\t\t\t\t\t\t<span class=\"elementor-accordion-icon-closed\"><i class=\"fas fa-plus\"><\/i><\/span>\n\t\t\t\t\t\t\t\t<span class=\"elementor-accordion-icon-opened\"><i class=\"fas fa-minus\"><\/i><\/span>\n\t\t\t\t\t\t\t\t\t\t\t\t\t\t<\/span>\n\t\t\t\t\t\t\t\t\t\t\t\t<a class=\"elementor-accordion-title\" tabindex=\"0\">Institutos Nacionales de Salud<\/a>\n\t\t\t\t\t<\/div>\n\t\t\t\t\t<div id=\"elementor-tab-content-4082\" class=\"elementor-tab-content elementor-clearfix\" data-tab=\"2\" role=\"region\" aria-labelledby=\"elementor-tab-title-4082\"><p><span style=\"text-decoration: underline;\"><a href=\"https:\/\/www.nih.gov\">https:\/\/www.nih.gov<\/a><\/span><\/p><\/div>\n\t\t\t\t<\/div>\n\t\t\t\t\t\t\t<div class=\"elementor-accordion-item\">\n\t\t\t\t\t<div id=\"elementor-tab-title-4083\" class=\"elementor-tab-title\" data-tab=\"3\" role=\"button\" aria-controls=\"elementor-tab-content-4083\" aria-expanded=\"false\">\n\t\t\t\t\t\t\t\t\t\t\t\t\t<span class=\"elementor-accordion-icon elementor-accordion-icon-left\" aria-hidden=\"true\">\n\t\t\t\t\t\t\t\t\t\t\t\t\t\t\t<span class=\"elementor-accordion-icon-closed\"><i class=\"fas fa-plus\"><\/i><\/span>\n\t\t\t\t\t\t\t\t<span class=\"elementor-accordion-icon-opened\"><i class=\"fas fa-minus\"><\/i><\/span>\n\t\t\t\t\t\t\t\t\t\t\t\t\t\t<\/span>\n\t\t\t\t\t\t\t\t\t\t\t\t<a class=\"elementor-accordion-title\" tabindex=\"0\">Departamento de Salud y Servicios Humanos de los Estados Unidos<\/a>\n\t\t\t\t\t<\/div>\n\t\t\t\t\t<div id=\"elementor-tab-content-4083\" class=\"elementor-tab-content elementor-clearfix\" data-tab=\"3\" role=\"region\" aria-labelledby=\"elementor-tab-title-4083\"><p><span style=\"text-decoration: underline;\"><a href=\"https:\/\/www.hhs.gov\">https:\/\/www.hhs.gov<\/a><\/span><\/p><\/div>\n\t\t\t\t<\/div>\n\t\t\t\t\t\t\t<div class=\"elementor-accordion-item\">\n\t\t\t\t\t<div id=\"elementor-tab-title-4084\" class=\"elementor-tab-title\" data-tab=\"4\" role=\"button\" aria-controls=\"elementor-tab-content-4084\" aria-expanded=\"false\">\n\t\t\t\t\t\t\t\t\t\t\t\t\t<span class=\"elementor-accordion-icon elementor-accordion-icon-left\" aria-hidden=\"true\">\n\t\t\t\t\t\t\t\t\t\t\t\t\t\t\t<span class=\"elementor-accordion-icon-closed\"><i class=\"fas fa-plus\"><\/i><\/span>\n\t\t\t\t\t\t\t\t<span class=\"elementor-accordion-icon-opened\"><i class=\"fas fa-minus\"><\/i><\/span>\n\t\t\t\t\t\t\t\t\t\t\t\t\t\t<\/span>\n\t\t\t\t\t\t\t\t\t\t\t\t<a class=\"elementor-accordion-title\" tabindex=\"0\">Oficina de Salud del Adolescente Departamento de Prevenci\u00f3n<\/a>\n\t\t\t\t\t<\/div>\n\t\t\t\t\t<div id=\"elementor-tab-content-4084\" class=\"elementor-tab-content elementor-clearfix\" data-tab=\"4\" role=\"region\" aria-labelledby=\"elementor-tab-title-4084\"><p><span style=\"text-decoration: underline;\"><a href=\"https:\/\/www.hhs.gov\/ash\/oah\">https:\/\/www.hhs.gov\/ash\/oah<\/a><\/span><\/p><\/div>\n\t\t\t\t<\/div>\n\t\t\t\t\t\t\t<div class=\"elementor-accordion-item\">\n\t\t\t\t\t<div id=\"elementor-tab-title-4085\" class=\"elementor-tab-title\" data-tab=\"5\" role=\"button\" aria-controls=\"elementor-tab-content-4085\" aria-expanded=\"false\">\n\t\t\t\t\t\t\t\t\t\t\t\t\t<span class=\"elementor-accordion-icon elementor-accordion-icon-left\" aria-hidden=\"true\">\n\t\t\t\t\t\t\t\t\t\t\t\t\t\t\t<span class=\"elementor-accordion-icon-closed\"><i class=\"fas fa-plus\"><\/i><\/span>\n\t\t\t\t\t\t\t\t<span class=\"elementor-accordion-icon-opened\"><i class=\"fas fa-minus\"><\/i><\/span>\n\t\t\t\t\t\t\t\t\t\t\t\t\t\t<\/span>\n\t\t\t\t\t\t\t\t\t\t\t\t<a class=\"elementor-accordion-title\" tabindex=\"0\">L\u00edneas Directas de Abuso de Drogas<\/a>\n\t\t\t\t\t<\/div>\n\t\t\t\t\t<div id=\"elementor-tab-content-4085\" class=\"elementor-tab-content elementor-clearfix\" data-tab=\"5\" role=\"region\" aria-labelledby=\"elementor-tab-title-4085\"><p><span style=\"text-decoration: underline;\"><a href=\"https:\/\/drugabuse.com\/library\/drug-abuse-\">https:\/\/drugabuse.com\/library\/drug-abuse-<\/a><\/span><\/p><\/div>\n\t\t\t\t<\/div>\n\t\t\t\t\t\t\t\t<\/div>\n\t\t\t\t\t\t<\/div>\n\t\t\t\t<\/div>\n\t\t\t\t<div class=\"elementor-element elementor-element-2da87d78 elementor-widget-divider--view-line elementor-widget elementor-widget-divider\" data-id=\"2da87d78\" data-element_type=\"widget\" data-widget_type=\"divider.default\">\n\t\t\t\t<div class=\"elementor-widget-container\">\n\t\t\t\t\t\t\t<div class=\"elementor-divider\">\n\t\t\t<span class=\"elementor-divider-separator\">\n\t\t\t\t\t\t<\/span>\n\t\t<\/div>\n\t\t\t\t\t\t<\/div>\n\t\t\t\t<\/div>\n\t\t\t\t\t<\/div>\n\t\t<\/div>\n\t\t\t\t\t<\/div>\n\t\t<\/section>\n\t\t\t\t<section class=\"elementor-section elementor-top-section elementor-element elementor-element-515dc0cc elementor-section-boxed elementor-section-height-default elementor-section-height-default\" data-id=\"515dc0cc\" data-element_type=\"section\" data-settings=\"{&quot;background_background&quot;:&quot;classic&quot;}\">\n\t\t\t\t\t\t<div class=\"elementor-container elementor-column-gap-default\">\n\t\t\t\t\t<div class=\"elementor-column elementor-col-100 elementor-top-column elementor-element elementor-element-1f452741\" data-id=\"1f452741\" data-element_type=\"column\">\n\t\t\t<div class=\"elementor-widget-wrap elementor-element-populated\">\n\t\t\t\t\t\t<div class=\"elementor-element elementor-element-39cf7e64 elementor-widget elementor-widget-heading\" data-id=\"39cf7e64\" data-element_type=\"widget\" data-widget_type=\"heading.default\">\n\t\t\t\t<div class=\"elementor-widget-container\">\n\t\t\t\t\t<h4 class=\"elementor-heading-title elementor-size-default\">\u00bfQuiere unirse a la DFC? Complete el formulario de registro a continuaci\u00f3n.<\/h4>\t\t\t\t<\/div>\n\t\t\t\t<\/div>\n\t\t\t\t<div class=\"elementor-element elementor-element-abf00c8 elementor-widget elementor-widget-wpforms\" data-id=\"abf00c8\" data-element_type=\"widget\" data-widget_type=\"wpforms.default\">\n\t\t\t\t<div class=\"elementor-widget-container\">\n\t\t\t\t\t<div class=\"wpforms-container wpf-dfc-center\" id=\"wpforms-15162\"><form id=\"wpforms-form-15162\" class=\"wpforms-validate wpforms-form wpforms-ajax-form\" data-formid=\"15162\" method=\"post\" enctype=\"multipart\/form-data\" action=\"\/es\/wp-json\/wp\/v2\/pages\/14975\" data-token=\"9210f4d154031e5e0d854dc2eaf42276\" data-token-time=\"1776960830\" data-trp-original-action=\"\/es\/wp-json\/wp\/v2\/pages\/14975\"><noscript class=\"wpforms-error-noscript\">Por favor, activa JavaScript en tu navegador para completar este formulario.<\/noscript><div class=\"wpforms-field-container\"><div id=\"wpforms-15162-field_0-container\" class=\"wpforms-field wpforms-field-name\" data-field-id=\"0\"><label class=\"wpforms-field-label\">Nombre <span class=\"wpforms-required-label\">*<\/span><\/label><div class=\"wpforms-field-row wpforms-field-large\"><div class=\"wpforms-field-row-block wpforms-first wpforms-one-half\"><input type=\"text\" id=\"wpforms-15162-field_0\" class=\"wpforms-field-name-first wpforms-field-required\" name=\"wpforms[fields][0][first]\" required><label for=\"wpforms-15162-field_0\" class=\"wpforms-field-sublabel after\">Nombre<\/label><\/div><div class=\"wpforms-field-row-block wpforms-one-half\"><input type=\"text\" id=\"wpforms-15162-field_0-last\" class=\"wpforms-field-name-last wpforms-field-required\" name=\"wpforms[fields][0][last]\" required><label for=\"wpforms-15162-field_0-last\" class=\"wpforms-field-sublabel after\">Apellidos<\/label><\/div><\/div><\/div><div id=\"wpforms-15162-field_1-container\" class=\"wpforms-field wpforms-field-email\" data-field-id=\"1\"><label class=\"wpforms-field-label\" for=\"wpforms-15162-field_1\">Correo electr\u00f3nico <span class=\"wpforms-required-label\">*<\/span><\/label><input type=\"email\" id=\"wpforms-15162-field_1\" class=\"wpforms-field-large wpforms-field-required\" name=\"wpforms[fields][1]\" spellcheck=\"false\" required><\/div><div id=\"wpforms-15162-field_3-container\" class=\"wpforms-field wpforms-field-text\" data-field-id=\"3\"><label class=\"wpforms-field-label\" for=\"wpforms-15162-field_3\">N\u00famero de tel\u00e9fono<\/label><input type=\"text\" id=\"wpforms-15162-field_3\" class=\"wpforms-field-large\" name=\"wpforms[fields][3]\" ><\/div><div id=\"wpforms-15162-field_5-container\" class=\"wpforms-field wpforms-field-text\" data-field-id=\"5\"><label class=\"wpforms-field-label\" for=\"wpforms-15162-field_5\">Escuela<\/label><input type=\"text\" id=\"wpforms-15162-field_5\" class=\"wpforms-field-large\" name=\"wpforms[fields][5]\" ><\/div><div id=\"wpforms-15162-field_4-container\" class=\"wpforms-field wpforms-field-number\" data-field-id=\"4\"><label class=\"wpforms-field-label\" for=\"wpforms-15162-field_4\">Edad<\/label><input type=\"number\" id=\"wpforms-15162-field_4\" class=\"wpforms-field-large\" name=\"wpforms[fields][4]\" step=\"any\" ><\/div><div id=\"wpforms-15162-field_6-container\" class=\"wpforms-field wpforms-field-text\" data-field-id=\"6\"><label class=\"wpforms-field-label\" for=\"wpforms-15162-field_6\">G\u00e9nero<\/label><input type=\"text\" id=\"wpforms-15162-field_6\" class=\"wpforms-field-large\" name=\"wpforms[fields][6]\" ><\/div><div id=\"wpforms-15162-field_7-container\" class=\"wpforms-field wpforms-field-text\" data-field-id=\"7\"><label class=\"wpforms-field-label\" for=\"wpforms-15162-field_7\">Pronombres<\/label><input type=\"text\" id=\"wpforms-15162-field_7\" class=\"wpforms-field-large\" name=\"wpforms[fields][7]\" ><\/div><\/div><!-- .wpforms-field-container --><div class=\"wpforms-submit-container\" ><input type=\"hidden\" name=\"wpforms[id]\" value=\"15162\"><input type=\"hidden\" name=\"page_title\" value=\"\"><input type=\"hidden\" name=\"page_url\" value=\"https:\/\/awpli.org\/es\/wp-json\/wp\/v2\/pages\/14975\"><input type=\"hidden\" name=\"url_referer\" value=\"\"><button type=\"submit\" name=\"wpforms[submit]\" id=\"wpforms-submit-15162\" class=\"wpforms-submit\" data-alt-text=\"Sending...\" data-submit-text=\"Submit\" aria-live=\"assertive\" value=\"wpforms-submit\">Enviar<\/button><img decoding=\"async\" src=\"https:\/\/awpli.org\/wp-content\/plugins\/wpforms-lite\/assets\/images\/submit-spin.svg\" class=\"wpforms-submit-spinner\" style=\"display: none;\" width=\"26\" height=\"26\" alt=\"Cargando\"><\/div><input type=\"hidden\" name=\"trp-form-language\" value=\"es\"\/><\/form><\/div>  <!-- .wpforms-container -->\t\t\t\t<\/div>\n\t\t\t\t<\/div>\n\t\t\t\t\t<\/div>\n\t\t<\/div>\n\t\t\t\t\t<\/div>\n\t\t<\/section>\n\t\t\t\t<\/div>","protected":false},"excerpt":{"rendered":"<p>Promise Neighborhoods Drug Free Coalition Promise Neighborhoods consists of concerned community members and adolescents seeking to prevent and or eliminate drug, opioid, alcohol, and marijuana misuse in Prince George\u2019s County [&hellip;]<\/p>","protected":false},"author":37,"featured_media":15538,"parent":0,"menu_order":0,"comment_status":"closed","ping_status":"closed","template":"","meta":{"site-sidebar-layout":"no-sidebar","site-content-layout":"page-builder","ast-site-content-layout":"","site-content-style":"default","site-sidebar-style":"default","ast-global-header-display":"","ast-banner-title-visibility":"","ast-main-header-display":"","ast-hfb-above-header-display":"","ast-hfb-below-header-display":"","ast-hfb-mobile-header-display":"","site-post-title":"disabled","ast-breadcrumbs-content":"","ast-featured-img":"disabled","footer-sml-layout":"","theme-transparent-header-meta":"","adv-header-id-meta":"","stick-header-meta":"","header-above-stick-meta":"","header-main-stick-meta":"","header-below-stick-meta":"","astra-migrate-meta-layouts":"default","ast-page-background-enabled":"default","ast-page-background-meta":{"desktop":{"background-color":"","background-image":"","background-repeat":"repeat","background-position":"center center","background-size":"auto","background-attachment":"scroll","background-type":"","background-media":"","overlay-type":"","overlay-color":"","overlay-gradient":""},"tablet":{"background-color":"","background-image":"","background-repeat":"repeat","background-position":"center center","background-size":"auto","background-attachment":"scroll","background-type":"","background-media":"","overlay-type":"","overlay-color":"","overlay-gradient":""},"mobile":{"background-color":"","background-image":"","background-repeat":"repeat","background-position":"center center","background-size":"auto","background-attachment":"scroll","background-type":"","background-media":"","overlay-type":"","overlay-color":"","overlay-gradient":""}},"ast-content-background-meta":{"desktop":{"background-color":"var(--ast-global-color-5)","background-image":"","background-repeat":"repeat","background-position":"center center","background-size":"auto","background-attachment":"scroll","background-type":"","background-media":"","overlay-type":"","overlay-color":"","overlay-gradient":""},"tablet":{"background-color":"var(--ast-global-color-5)","background-image":"","background-repeat":"repeat","background-position":"center center","background-size":"auto","background-attachment":"scroll","background-type":"","background-media":"","overlay-type":"","overlay-color":"","overlay-gradient":""},"mobile":{"background-color":"var(--ast-global-color-5)","background-image":"","background-repeat":"repeat","background-position":"center center","background-size":"auto","background-attachment":"scroll","background-type":"","background-media":"","overlay-type":"","overlay-color":"","overlay-gradient":""}},"ngg_post_thumbnail":0,"jetpack_post_was_ever_published":false,"footnotes":""},"class_list":["post-14975","page","type-page","status-publish","has-post-thumbnail","hentry"],"jetpack_sharing_enabled":true,"jetpack_shortlink":"https:\/\/wp.me\/PdNQp3-3Tx","_links":{"self":[{"href":"https:\/\/awpli.org\/es\/wp-json\/wp\/v2\/pages\/14975","targetHints":{"allow":["GET"]}}],"collection":[{"href":"https:\/\/awpli.org\/es\/wp-json\/wp\/v2\/pages"}],"about":[{"href":"https:\/\/awpli.org\/es\/wp-json\/wp\/v2\/types\/page"}],"author":[{"embeddable":true,"href":"https:\/\/awpli.org\/es\/wp-json\/wp\/v2\/users\/37"}],"replies":[{"embeddable":true,"href":"https:\/\/awpli.org\/es\/wp-json\/wp\/v2\/comments?post=14975"}],"version-history":[{"count":5,"href":"https:\/\/awpli.org\/es\/wp-json\/wp\/v2\/pages\/14975\/revisions"}],"predecessor-version":[{"id":15744,"href":"https:\/\/awpli.org\/es\/wp-json\/wp\/v2\/pages\/14975\/revisions\/15744"}],"wp:featuredmedia":[{"embeddable":true,"href":"https:\/\/awpli.org\/es\/wp-json\/wp\/v2\/media\/15538"}],"wp:attachment":[{"href":"https:\/\/awpli.org\/es\/wp-json\/wp\/v2\/media?parent=14975"}],"curies":[{"name":"wp","href":"https:\/\/api.w.org\/{rel}","templated":true}]}}