{"id":14986,"date":"2023-05-15T20:13:25","date_gmt":"2023-05-15T20:13:25","guid":{"rendered":"https:\/\/awpli.org\/awpli_staging\/?page_id=14986"},"modified":"2024-06-26T17:32:55","modified_gmt":"2024-06-26T21:32:55","slug":"mhat","status":"publish","type":"page","link":"https:\/\/awpli.org\/es\/mhat\/","title":{"rendered":"Programa de Concientizaci\u00f3n sobre Salud Mental"},"content":{"rendered":"<div data-elementor-type=\"wp-page\" data-elementor-id=\"14986\" class=\"elementor elementor-14986\">\n\t\t\t\t\t\t<section class=\"elementor-section elementor-top-section elementor-element elementor-element-2eed817c elementor-section-boxed elementor-section-height-default elementor-section-height-default\" data-id=\"2eed817c\" data-element_type=\"section\" data-settings=\"{&quot;background_background&quot;:&quot;classic&quot;}\">\n\t\t\t\t\t\t\t<div class=\"elementor-background-overlay\"><\/div>\n\t\t\t\t\t\t\t<div class=\"elementor-container elementor-column-gap-default\">\n\t\t\t\t\t<div class=\"elementor-column elementor-col-100 elementor-top-column elementor-element elementor-element-78d249a\" data-id=\"78d249a\" data-element_type=\"column\">\n\t\t\t<div class=\"elementor-widget-wrap elementor-element-populated\">\n\t\t\t\t\t\t<div class=\"elementor-element elementor-element-4eab856a elementor-widget elementor-widget-heading\" data-id=\"4eab856a\" data-element_type=\"widget\" data-widget_type=\"heading.default\">\n\t\t\t\t<div class=\"elementor-widget-container\">\n\t\t\t\t\t<h1 class=\"elementor-heading-title elementor-size-default translation-block\">Programa de Concientizaci\u00f3n sobre Salud Mental<\/h1>\t\t\t\t<\/div>\n\t\t\t\t<\/div>\n\t\t\t\t\t<\/div>\n\t\t<\/div>\n\t\t\t\t\t<\/div>\n\t\t<\/section>\n\t\t\t\t<section class=\"elementor-section elementor-top-section elementor-element elementor-element-729b01bc elementor-section-boxed elementor-section-height-default elementor-section-height-default\" data-id=\"729b01bc\" data-element_type=\"section\" data-settings=\"{&quot;background_background&quot;:&quot;classic&quot;}\">\n\t\t\t\t\t\t\t<div class=\"elementor-background-overlay\"><\/div>\n\t\t\t\t\t\t\t<div class=\"elementor-container elementor-column-gap-no\">\n\t\t\t\t\t<div class=\"elementor-column elementor-col-100 elementor-top-column elementor-element elementor-element-4fe1a5c9\" data-id=\"4fe1a5c9\" data-element_type=\"column\">\n\t\t\t<div class=\"elementor-widget-wrap elementor-element-populated\">\n\t\t\t\t\t\t<div class=\"elementor-element elementor-element-c110ac4 elementor-widget elementor-widget-heading\" data-id=\"c110ac4\" data-element_type=\"widget\" data-widget_type=\"heading.default\">\n\t\t\t\t<div class=\"elementor-widget-container\">\n\t\t\t\t\t<h2 class=\"elementor-heading-title elementor-size-default\">Quienes Somos:<\/h2>\t\t\t\t<\/div>\n\t\t\t\t<\/div>\n\t\t\t\t<div class=\"elementor-element elementor-element-2ff76e64 elementor-widget elementor-widget-text-editor\" data-id=\"2ff76e64\" data-element_type=\"widget\" data-widget_type=\"text-editor.default\">\n\t\t\t\t<div class=\"elementor-widget-container\">\n\t\t\t\t\t\t\t\t\t<p>El objetivo de este programa es aumentar y promover la conciencia sobre la salud mental. Educamos a individuos y familias en la comunidad proporcionando informaci\u00f3n sobre prevenci\u00f3n, intervenci\u00f3n y educaci\u00f3n. Adem\u00e1s, el programa tambi\u00e9n ofrece talleres interactivos y capacitaci\u00f3n para mostrar c\u00f3mo las tareas diarias pueden ayudarlo a lidiar con su salud mental.<\/p><p>Visualizamos una comunidad que reconoce que su salud mental es un componente cr\u00edtico de su bienestar general. Nos esforzamos por crear conciencia para reducir el estigma asociado con las enfermedades mentales.<\/p>\t\t\t\t\t\t\t\t<\/div>\n\t\t\t\t<\/div>\n\t\t\t\t<section class=\"elementor-section elementor-inner-section elementor-element elementor-element-a82c553 elementor-section-boxed elementor-section-height-default elementor-section-height-default\" data-id=\"a82c553\" data-element_type=\"section\">\n\t\t\t\t\t\t<div class=\"elementor-container elementor-column-gap-default\">\n\t\t\t\t\t<div class=\"elementor-column elementor-col-50 elementor-inner-column elementor-element elementor-element-8ee99b5\" data-id=\"8ee99b5\" data-element_type=\"column\">\n\t\t\t<div class=\"elementor-widget-wrap elementor-element-populated\">\n\t\t\t\t\t\t<div class=\"elementor-element elementor-element-4ee2cde elementor-widget elementor-widget-image\" data-id=\"4ee2cde\" data-element_type=\"widget\" data-widget_type=\"image.default\">\n\t\t\t\t<div class=\"elementor-widget-container\">\n\t\t\t\t\t\t\t\t\t\t\t\t\t\t\t<img fetchpriority=\"high\" decoding=\"async\" width=\"791\" height=\"1024\" src=\"https:\/\/awpli.org\/wp-content\/uploads\/2024\/06\/Youth-Summer-2024-791x1024.jpg\" class=\"attachment-large size-large wp-image-16369\" alt=\"\" srcset=\"https:\/\/awpli.org\/wp-content\/uploads\/2024\/06\/Youth-Summer-2024-791x1024.jpg 791w, https:\/\/awpli.org\/wp-content\/uploads\/2024\/06\/Youth-Summer-2024-232x300.jpg 232w, https:\/\/awpli.org\/wp-content\/uploads\/2024\/06\/Youth-Summer-2024-768x994.jpg 768w, https:\/\/awpli.org\/wp-content\/uploads\/2024\/06\/Youth-Summer-2024-9x12.jpg 9w, https:\/\/awpli.org\/wp-content\/uploads\/2024\/06\/Youth-Summer-2024.jpg 850w\" sizes=\"(max-width: 791px) 100vw, 791px\" \/>\t\t\t\t\t\t\t\t\t\t\t\t\t\t\t<\/div>\n\t\t\t\t<\/div>\n\t\t\t\t\t<\/div>\n\t\t<\/div>\n\t\t\t\t<div class=\"elementor-column elementor-col-50 elementor-inner-column elementor-element elementor-element-c41206f\" data-id=\"c41206f\" data-element_type=\"column\">\n\t\t\t<div class=\"elementor-widget-wrap elementor-element-populated\">\n\t\t\t\t\t\t<div class=\"elementor-element elementor-element-d65bdb1 elementor-widget elementor-widget-image\" data-id=\"d65bdb1\" data-element_type=\"widget\" data-widget_type=\"image.default\">\n\t\t\t\t<div class=\"elementor-widget-container\">\n\t\t\t\t\t\t\t\t\t\t\t\t\t\t\t<img decoding=\"async\" width=\"791\" height=\"1024\" src=\"https:\/\/awpli.org\/wp-content\/uploads\/2024\/06\/Adult-Mental-Health-First-Aid-2024.PDF--791x1024.jpg\" class=\"attachment-large size-large wp-image-16404\" alt=\"\" srcset=\"https:\/\/awpli.org\/wp-content\/uploads\/2024\/06\/Adult-Mental-Health-First-Aid-2024.PDF--791x1024.jpg 791w, https:\/\/awpli.org\/wp-content\/uploads\/2024\/06\/Adult-Mental-Health-First-Aid-2024.PDF--232x300.jpg 232w, https:\/\/awpli.org\/wp-content\/uploads\/2024\/06\/Adult-Mental-Health-First-Aid-2024.PDF--768x994.jpg 768w, https:\/\/awpli.org\/wp-content\/uploads\/2024\/06\/Adult-Mental-Health-First-Aid-2024.PDF--9x12.jpg 9w, https:\/\/awpli.org\/wp-content\/uploads\/2024\/06\/Adult-Mental-Health-First-Aid-2024.PDF-.jpg 850w\" sizes=\"(max-width: 791px) 100vw, 791px\" \/>\t\t\t\t\t\t\t\t\t\t\t\t\t\t\t<\/div>\n\t\t\t\t<\/div>\n\t\t\t\t\t<\/div>\n\t\t<\/div>\n\t\t\t\t\t<\/div>\n\t\t<\/section>\n\t\t\t\t<div class=\"elementor-element elementor-element-5e5724b elementor-shape-rounded elementor-grid-0 e-grid-align-center elementor-widget elementor-widget-social-icons\" data-id=\"5e5724b\" data-element_type=\"widget\" data-widget_type=\"social-icons.default\">\n\t\t\t\t<div class=\"elementor-widget-container\">\n\t\t\t\t\t\t\t<div class=\"elementor-social-icons-wrapper elementor-grid\" role=\"list\">\n\t\t\t\t\t\t\t<span class=\"elementor-grid-item\" role=\"listitem\">\n\t\t\t\t\t<a class=\"elementor-icon elementor-social-icon elementor-social-icon-twitter elementor-repeater-item-bf65843\" href=\"https:\/\/twitter.com\/___mhat\" target=\"_blank\">\n\t\t\t\t\t\t<span class=\"elementor-screen-only\">Twitter<\/span>\n\t\t\t\t\t\t<i class=\"fab fa-twitter\"><\/i>\t\t\t\t\t<\/a>\n\t\t\t\t<\/span>\n\t\t\t\t\t\t\t<span class=\"elementor-grid-item\" role=\"listitem\">\n\t\t\t\t\t<a class=\"elementor-icon elementor-social-icon elementor-social-icon-instagram elementor-repeater-item-06f25a0\" href=\"https:\/\/www.instagram.com\/__mhat\" target=\"_blank\">\n\t\t\t\t\t\t<span class=\"elementor-screen-only\">Instagram<\/span>\n\t\t\t\t\t\t<i class=\"fab fa-instagram\"><\/i>\t\t\t\t\t<\/a>\n\t\t\t\t<\/span>\n\t\t\t\t\t<\/div>\n\t\t\t\t\t\t<\/div>\n\t\t\t\t<\/div>\n\t\t\t\t\t<\/div>\n\t\t<\/div>\n\t\t\t\t\t<\/div>\n\t\t<\/section>\n\t\t\t\t<section class=\"elementor-section elementor-top-section elementor-element elementor-element-bd394e9 elementor-hidden-desktop elementor-hidden-tablet elementor-hidden-mobile elementor-section-boxed elementor-section-height-default elementor-section-height-default\" data-id=\"bd394e9\" data-element_type=\"section\" data-settings=\"{&quot;background_background&quot;:&quot;classic&quot;}\">\n\t\t\t\t\t\t<div class=\"elementor-container elementor-column-gap-default\">\n\t\t\t\t\t<div class=\"elementor-column elementor-col-50 elementor-top-column elementor-element elementor-element-d2dc7ec\" data-id=\"d2dc7ec\" data-element_type=\"column\">\n\t\t\t<div class=\"elementor-widget-wrap elementor-element-populated\">\n\t\t\t\t\t\t<div class=\"elementor-element elementor-element-bf4fdb7 elementor-widget elementor-widget-image\" data-id=\"bf4fdb7\" data-element_type=\"widget\" data-widget_type=\"image.default\">\n\t\t\t\t<div class=\"elementor-widget-container\">\n\t\t\t\t\t\t\t\t\t\t\t\t\t\t\t<img decoding=\"async\" width=\"768\" height=\"1024\" src=\"https:\/\/awpli.org\/wp-content\/uploads\/2023\/05\/IMG_1634-768x1024.jpg\" class=\"attachment-large size-large wp-image-14989\" alt=\"\" srcset=\"https:\/\/awpli.org\/wp-content\/uploads\/2023\/05\/IMG_1634-768x1024.jpg 768w, https:\/\/awpli.org\/wp-content\/uploads\/2023\/05\/IMG_1634-225x300.jpg 225w, https:\/\/awpli.org\/wp-content\/uploads\/2023\/05\/IMG_1634-1152x1536.jpg 1152w, https:\/\/awpli.org\/wp-content\/uploads\/2023\/05\/IMG_1634-1536x2048.jpg 1536w, https:\/\/awpli.org\/wp-content\/uploads\/2023\/05\/IMG_1634-1320x1760.jpg 1320w, https:\/\/awpli.org\/wp-content\/uploads\/2023\/05\/IMG_1634-600x800.jpg 600w, https:\/\/awpli.org\/wp-content\/uploads\/2023\/05\/IMG_1634-scaled.jpg 1920w\" sizes=\"(max-width: 768px) 100vw, 768px\" \/>\t\t\t\t\t\t\t\t\t\t\t\t\t\t\t<\/div>\n\t\t\t\t<\/div>\n\t\t\t\t\t<\/div>\n\t\t<\/div>\n\t\t\t\t<div class=\"elementor-column elementor-col-50 elementor-top-column elementor-element elementor-element-2ca37e3\" data-id=\"2ca37e3\" data-element_type=\"column\">\n\t\t\t<div class=\"elementor-widget-wrap elementor-element-populated\">\n\t\t\t\t\t\t<div class=\"elementor-element elementor-element-2e6d0ed elementor-widget elementor-widget-image\" data-id=\"2e6d0ed\" data-element_type=\"widget\" data-widget_type=\"image.default\">\n\t\t\t\t<div class=\"elementor-widget-container\">\n\t\t\t\t\t\t\t\t\t\t\t\t\t\t\t<img loading=\"lazy\" decoding=\"async\" width=\"768\" height=\"1024\" src=\"https:\/\/awpli.org\/wp-content\/uploads\/2023\/05\/IMG_1636-768x1024.jpg\" class=\"attachment-large size-large wp-image-14990\" alt=\"\" srcset=\"https:\/\/awpli.org\/wp-content\/uploads\/2023\/05\/IMG_1636-768x1024.jpg 768w, https:\/\/awpli.org\/wp-content\/uploads\/2023\/05\/IMG_1636-225x300.jpg 225w, https:\/\/awpli.org\/wp-content\/uploads\/2023\/05\/IMG_1636-1152x1536.jpg 1152w, https:\/\/awpli.org\/wp-content\/uploads\/2023\/05\/IMG_1636-1536x2048.jpg 1536w, https:\/\/awpli.org\/wp-content\/uploads\/2023\/05\/IMG_1636-1320x1760.jpg 1320w, https:\/\/awpli.org\/wp-content\/uploads\/2023\/05\/IMG_1636-600x800.jpg 600w, https:\/\/awpli.org\/wp-content\/uploads\/2023\/05\/IMG_1636-scaled.jpg 1920w\" sizes=\"(max-width: 768px) 100vw, 768px\" \/>\t\t\t\t\t\t\t\t\t\t\t\t\t\t\t<\/div>\n\t\t\t\t<\/div>\n\t\t\t\t\t<\/div>\n\t\t<\/div>\n\t\t\t\t\t<\/div>\n\t\t<\/section>\n\t\t\t\t<section class=\"elementor-section elementor-top-section elementor-element elementor-element-e81cdac elementor-section-boxed elementor-section-height-default elementor-section-height-default\" data-id=\"e81cdac\" data-element_type=\"section\">\n\t\t\t\t\t\t<div class=\"elementor-container elementor-column-gap-default\">\n\t\t\t\t\t<div class=\"elementor-column elementor-col-100 elementor-top-column elementor-element elementor-element-3a7e2a4\" data-id=\"3a7e2a4\" data-element_type=\"column\">\n\t\t\t<div class=\"elementor-widget-wrap\">\n\t\t\t\t\t\t\t<\/div>\n\t\t<\/div>\n\t\t\t\t\t<\/div>\n\t\t<\/section>\n\t\t\t\t<section class=\"elementor-section elementor-top-section elementor-element elementor-element-18d6406e elementor-section-boxed elementor-section-height-default elementor-section-height-default\" data-id=\"18d6406e\" data-element_type=\"section\" data-settings=\"{&quot;background_background&quot;:&quot;classic&quot;}\">\n\t\t\t\t\t\t<div class=\"elementor-container elementor-column-gap-default\">\n\t\t\t\t\t<div class=\"elementor-column elementor-col-100 elementor-top-column elementor-element elementor-element-788a0e0a\" data-id=\"788a0e0a\" data-element_type=\"column\">\n\t\t\t<div class=\"elementor-widget-wrap elementor-element-populated\">\n\t\t\t\t\t\t<div class=\"elementor-element elementor-element-1c952a99 elementor-widget-divider--view-line elementor-widget elementor-widget-divider\" data-id=\"1c952a99\" data-element_type=\"widget\" data-widget_type=\"divider.default\">\n\t\t\t\t<div class=\"elementor-widget-container\">\n\t\t\t\t\t\t\t<div class=\"elementor-divider\">\n\t\t\t<span class=\"elementor-divider-separator\">\n\t\t\t\t\t\t<\/span>\n\t\t<\/div>\n\t\t\t\t\t\t<\/div>\n\t\t\t\t<\/div>\n\t\t\t\t\t<\/div>\n\t\t<\/div>\n\t\t\t\t\t<\/div>\n\t\t<\/section>\n\t\t\t\t<section class=\"elementor-section elementor-top-section elementor-element elementor-element-548c5199 elementor-section-boxed elementor-section-height-default elementor-section-height-default\" data-id=\"548c5199\" data-element_type=\"section\" data-settings=\"{&quot;background_background&quot;:&quot;classic&quot;}\">\n\t\t\t\t\t\t<div class=\"elementor-container elementor-column-gap-default\">\n\t\t\t\t\t<div class=\"elementor-column elementor-col-100 elementor-top-column elementor-element elementor-element-6dcda391\" data-id=\"6dcda391\" data-element_type=\"column\">\n\t\t\t<div class=\"elementor-widget-wrap elementor-element-populated\">\n\t\t\t\t\t\t<div class=\"elementor-element elementor-element-24dc3b8d elementor-widget elementor-widget-heading\" data-id=\"24dc3b8d\" data-element_type=\"widget\" data-widget_type=\"heading.default\">\n\t\t\t\t<div class=\"elementor-widget-container\">\n\t\t\t\t\t<h4 class=\"elementor-heading-title elementor-size-default\">\u00bfC\u00f3mo podemos ayudar? \u00a1Mandanos un mensaje!<\/h4>\t\t\t\t<\/div>\n\t\t\t\t<\/div>\n\t\t\t\t<div class=\"elementor-element elementor-element-97c602f elementor-widget elementor-widget-wpforms\" data-id=\"97c602f\" data-element_type=\"widget\" data-widget_type=\"wpforms.default\">\n\t\t\t\t<div class=\"elementor-widget-container\">\n\t\t\t\t\t<div class=\"wpforms-container wpf-center\" id=\"wpforms-15411\"><form id=\"wpforms-form-15411\" class=\"wpforms-validate wpforms-form wpforms-ajax-form\" data-formid=\"15411\" method=\"post\" enctype=\"multipart\/form-data\" action=\"\/es\/wp-json\/wp\/v2\/pages\/14986\" data-token=\"8beb467c968c47f5aaaeadd98c10f5c5\" data-token-time=\"1776960513\" data-trp-original-action=\"\/es\/wp-json\/wp\/v2\/pages\/14986\"><noscript class=\"wpforms-error-noscript\">Por favor, activa JavaScript en tu navegador para completar este formulario.<\/noscript><div class=\"wpforms-field-container\"><div id=\"wpforms-15411-field_0-container\" class=\"wpforms-field wpforms-field-name\" data-field-id=\"0\"><label class=\"wpforms-field-label\">Nombre <span class=\"wpforms-required-label\">*<\/span><\/label><div class=\"wpforms-field-row wpforms-field-large\"><div class=\"wpforms-field-row-block wpforms-first wpforms-one-half\"><input type=\"text\" id=\"wpforms-15411-field_0\" class=\"wpforms-field-name-first wpforms-field-required\" name=\"wpforms[fields][0][first]\" required><label for=\"wpforms-15411-field_0\" class=\"wpforms-field-sublabel after\">Nombre<\/label><\/div><div class=\"wpforms-field-row-block wpforms-one-half\"><input type=\"text\" id=\"wpforms-15411-field_0-last\" class=\"wpforms-field-name-last wpforms-field-required\" name=\"wpforms[fields][0][last]\" required><label for=\"wpforms-15411-field_0-last\" class=\"wpforms-field-sublabel after\">Apellidos<\/label><\/div><\/div><\/div><div id=\"wpforms-15411-field_1-container\" class=\"wpforms-field wpforms-field-email\" data-field-id=\"1\"><label class=\"wpforms-field-label\" for=\"wpforms-15411-field_1\">Correo electr\u00f3nico <span class=\"wpforms-required-label\">*<\/span><\/label><input type=\"email\" id=\"wpforms-15411-field_1\" class=\"wpforms-field-large wpforms-field-required\" name=\"wpforms[fields][1]\" spellcheck=\"false\" required><\/div><div id=\"wpforms-15411-field_2-container\" class=\"wpforms-field wpforms-field-textarea\" data-field-id=\"2\"><label class=\"wpforms-field-label\" for=\"wpforms-15411-field_2\">Mensaje<\/label><textarea id=\"wpforms-15411-field_2\" class=\"wpforms-field-medium\" name=\"wpforms[fields][2]\" ><\/textarea><\/div><\/div><!-- .wpforms-field-container --><div class=\"wpforms-submit-container\" ><input type=\"hidden\" name=\"wpforms[id]\" value=\"15411\"><input type=\"hidden\" name=\"page_title\" value=\"\"><input type=\"hidden\" name=\"page_url\" value=\"https:\/\/awpli.org\/es\/wp-json\/wp\/v2\/pages\/14986\"><input type=\"hidden\" name=\"url_referer\" value=\"\"><button type=\"submit\" name=\"wpforms[submit]\" id=\"wpforms-submit-15411\" class=\"wpforms-submit\" data-alt-text=\"Sending...\" data-submit-text=\"Submit\" aria-live=\"assertive\" value=\"wpforms-submit\">Enviar<\/button><img loading=\"lazy\" decoding=\"async\" src=\"https:\/\/awpli.org\/wp-content\/plugins\/wpforms-lite\/assets\/images\/submit-spin.svg\" class=\"wpforms-submit-spinner\" style=\"display: none;\" width=\"26\" height=\"26\" alt=\"Cargando\"><\/div><input type=\"hidden\" name=\"trp-form-language\" value=\"es\"\/><\/form><\/div>  <!-- .wpforms-container -->\t\t\t\t<\/div>\n\t\t\t\t<\/div>\n\t\t\t\t\t<\/div>\n\t\t<\/div>\n\t\t\t\t\t<\/div>\n\t\t<\/section>\n\t\t\t\t<\/div>","protected":false},"excerpt":{"rendered":"<p>Mental Health Awareness Program Who we are: The goal of this program is to raise\u00a0and promote mental health\u00a0awareness. We educate individuals and familes in the community by providing information on [&hellip;]<\/p>","protected":false},"author":37,"featured_media":15539,"parent":0,"menu_order":0,"comment_status":"closed","ping_status":"closed","template":"","meta":{"site-sidebar-layout":"no-sidebar","site-content-layout":"page-builder","ast-site-content-layout":"","site-content-style":"default","site-sidebar-style":"default","ast-global-header-display":"","ast-banner-title-visibility":"","ast-main-header-display":"","ast-hfb-above-header-display":"","ast-hfb-below-header-display":"","ast-hfb-mobile-header-display":"","site-post-title":"disabled","ast-breadcrumbs-content":"","ast-featured-img":"disabled","footer-sml-layout":"","theme-transparent-header-meta":"","adv-header-id-meta":"","stick-header-meta":"","header-above-stick-meta":"","header-main-stick-meta":"","header-below-stick-meta":"","astra-migrate-meta-layouts":"default","ast-page-background-enabled":"default","ast-page-background-meta":{"desktop":{"background-color":"","background-image":"","background-repeat":"repeat","background-position":"center center","background-size":"auto","background-attachment":"scroll","background-type":"","background-media":"","overlay-type":"","overlay-color":"","overlay-gradient":""},"tablet":{"background-color":"","background-image":"","background-repeat":"repeat","background-position":"center center","background-size":"auto","background-attachment":"scroll","background-type":"","background-media":"","overlay-type":"","overlay-color":"","overlay-gradient":""},"mobile":{"background-color":"","background-image":"","background-repeat":"repeat","background-position":"center center","background-size":"auto","background-attachment":"scroll","background-type":"","background-media":"","overlay-type":"","overlay-color":"","overlay-gradient":""}},"ast-content-background-meta":{"desktop":{"background-color":"var(--ast-global-color-5)","background-image":"","background-repeat":"repeat","background-position":"center center","background-size":"auto","background-attachment":"scroll","background-type":"","background-media":"","overlay-type":"","overlay-color":"","overlay-gradient":""},"tablet":{"background-color":"var(--ast-global-color-5)","background-image":"","background-repeat":"repeat","background-position":"center center","background-size":"auto","background-attachment":"scroll","background-type":"","background-media":"","overlay-type":"","overlay-color":"","overlay-gradient":""},"mobile":{"background-color":"var(--ast-global-color-5)","background-image":"","background-repeat":"repeat","background-position":"center center","background-size":"auto","background-attachment":"scroll","background-type":"","background-media":"","overlay-type":"","overlay-color":"","overlay-gradient":""}},"ngg_post_thumbnail":0,"jetpack_post_was_ever_published":false,"footnotes":""},"class_list":["post-14986","page","type-page","status-publish","has-post-thumbnail","hentry"],"jetpack_sharing_enabled":true,"jetpack_shortlink":"https:\/\/wp.me\/PdNQp3-3TI","_links":{"self":[{"href":"https:\/\/awpli.org\/es\/wp-json\/wp\/v2\/pages\/14986","targetHints":{"allow":["GET"]}}],"collection":[{"href":"https:\/\/awpli.org\/es\/wp-json\/wp\/v2\/pages"}],"about":[{"href":"https:\/\/awpli.org\/es\/wp-json\/wp\/v2\/types\/page"}],"author":[{"embeddable":true,"href":"https:\/\/awpli.org\/es\/wp-json\/wp\/v2\/users\/37"}],"replies":[{"embeddable":true,"href":"https:\/\/awpli.org\/es\/wp-json\/wp\/v2\/comments?post=14986"}],"version-history":[{"count":5,"href":"https:\/\/awpli.org\/es\/wp-json\/wp\/v2\/pages\/14986\/revisions"}],"predecessor-version":[{"id":16407,"href":"https:\/\/awpli.org\/es\/wp-json\/wp\/v2\/pages\/14986\/revisions\/16407"}],"wp:featuredmedia":[{"embeddable":true,"href":"https:\/\/awpli.org\/es\/wp-json\/wp\/v2\/media\/15539"}],"wp:attachment":[{"href":"https:\/\/awpli.org\/es\/wp-json\/wp\/v2\/media?parent=14986"}],"curies":[{"name":"wp","href":"https:\/\/api.w.org\/{rel}","templated":true}]}}