{"id":15008,"date":"2023-05-15T20:28:32","date_gmt":"2023-05-15T20:28:32","guid":{"rendered":"https:\/\/awpli.org\/awpli_staging\/?page_id=15008"},"modified":"2024-06-26T17:06:06","modified_gmt":"2024-06-26T21:06:06","slug":"lael","status":"publish","type":"page","link":"https:\/\/awpli.org\/es\/lael\/","title":{"rendered":"LA&#8217;EL (Longterm Assistance Empowering Latinos)"},"content":{"rendered":"<div data-elementor-type=\"wp-page\" data-elementor-id=\"15008\" class=\"elementor elementor-15008\">\n\t\t\t\t\t\t<section class=\"elementor-section elementor-top-section elementor-element elementor-element-7b0492d3 elementor-section-boxed elementor-section-height-default elementor-section-height-default\" data-id=\"7b0492d3\" data-element_type=\"section\" data-settings=\"{&quot;background_background&quot;:&quot;classic&quot;}\">\n\t\t\t\t\t\t\t<div class=\"elementor-background-overlay\"><\/div>\n\t\t\t\t\t\t\t<div class=\"elementor-container elementor-column-gap-default\">\n\t\t\t\t\t<div class=\"elementor-column elementor-col-100 elementor-top-column elementor-element elementor-element-746b679c\" data-id=\"746b679c\" data-element_type=\"column\">\n\t\t\t<div class=\"elementor-widget-wrap elementor-element-populated\">\n\t\t\t\t\t\t<div class=\"elementor-element elementor-element-4bc02422 elementor-widget elementor-widget-heading\" data-id=\"4bc02422\" data-element_type=\"widget\" data-widget_type=\"heading.default\">\n\t\t\t\t<div class=\"elementor-widget-container\">\n\t\t\t\t\t<h1 class=\"elementor-heading-title elementor-size-default\">LA'EL<\/h1>\t\t\t\t<\/div>\n\t\t\t\t<\/div>\n\t\t\t\t\t<\/div>\n\t\t<\/div>\n\t\t\t\t\t<\/div>\n\t\t<\/section>\n\t\t\t\t<section class=\"elementor-section elementor-top-section elementor-element elementor-element-614dbc0 elementor-section-boxed elementor-section-height-default elementor-section-height-default\" data-id=\"614dbc0\" data-element_type=\"section\" data-settings=\"{&quot;background_background&quot;:&quot;classic&quot;}\">\n\t\t\t\t\t\t\t<div class=\"elementor-background-overlay\"><\/div>\n\t\t\t\t\t\t\t<div class=\"elementor-container elementor-column-gap-no\">\n\t\t\t\t\t<div class=\"elementor-column elementor-col-100 elementor-top-column elementor-element elementor-element-32a81c0\" data-id=\"32a81c0\" data-element_type=\"column\">\n\t\t\t<div class=\"elementor-widget-wrap elementor-element-populated\">\n\t\t\t\t\t\t<div class=\"elementor-element elementor-element-9f963a3 elementor-widget elementor-widget-heading\" data-id=\"9f963a3\" data-element_type=\"widget\" data-widget_type=\"heading.default\">\n\t\t\t\t<div class=\"elementor-widget-container\">\n\t\t\t\t\t<h2 class=\"elementor-heading-title elementor-size-default\">Asistencia a Largo Plazo para Empoderar a los Latinos<\/h2>\t\t\t\t<\/div>\n\t\t\t\t<\/div>\n\t\t\t\t<div class=\"elementor-element elementor-element-14f5a08e elementor-widget elementor-widget-text-editor\" data-id=\"14f5a08e\" data-element_type=\"widget\" data-widget_type=\"text-editor.default\">\n\t\t\t\t<div class=\"elementor-widget-container\">\n\t\t\t\t\t\t\t\t\t<p>La iniciativa Longterm Assistance Empowering Latinos (LA'EL) es una intervenci\u00f3n estructural integral dise\u00f1ada para empoderar y apoyar a la comunidad latina a largo plazo. LA'EL tiene como objetivo abordar los desaf\u00edos \u00fanicos que enfrentan los latinos, promover su bienestar general y fomentar su integraci\u00f3n y \u00e9xito en varios aspectos de la vida.<\/p><p>La iniciativa se enfoca en m\u00faltiples \u00e1reas para brindar una asistencia integral:<\/p><p><strong>1. Education and Skill Development:<\/strong> LAEL offers educational support and skill development programs designed to enhance academic achievement and expand professional prospects for Latinos. This includes tutoring, mentoring, scholarship opportunities, vocational training, and career counseling.<\/p><p><strong>2. Access to Healthcare:<\/strong> LAEL prioritizes improving access to healthcare services for the Latino community. It facilitates health screenings, provides information on preventive measures, offers resources for affordable healthcare options, and promotes health literacy through education and awareness campaigns.<\/p><p><strong>3. Social Services and Advocacy:<\/strong> LAEL advocates for the rights and needs of Latinos by partnering with community organizations, legal services, and government agencies. It connects individuals to resources such as housing assistance, legal aid, immigration support, and counseling services, ensuring access to vital social services.<\/p><p><strong>4. Financial Empowerment:<\/strong> This component of the initiaitve focuses on financial literacy, asset-building, and economic self-sufficiency for Latinos. LAEL provides financial education workshops, offers assistance in accessing financial resources and benefits, and supports entrepreneurship and small business development.<\/p><p><strong>5. Cultural Enrichment:<\/strong> LAEL recognizes and celebrates the rich cultural heritage of the Latino community. It organizes cultural events, promotes art and music, and supports initiatives that preserve and amplify Latino traditions and contributions.<\/p><p><strong>6. Community Engagement:<\/strong> LAEL encourages active participation and engagement within the Latino community. It organizes community forums, leadership development programs, and networking events to foster connection, collaboration, and collective empowerment.<\/p><p>A trav\u00e9s de un enfoque de colaboraci\u00f3n que involucra asociaciones con organizaciones locales, agencias gubernamentales, instituciones educativas y empresas, LA'EL tiene como objetivo crear un ecosistema de apoyo que eleve y fortalezca a la comunidad latina. Al brindar asistencia a largo plazo en varios dominios, LA'EL se esfuerza por permitir que los latinos prosperen, superen obst\u00e1culos y alcancen su m\u00e1ximo potencial.<\/p><p><span style=\"font-style: inherit;\"><b>Articles:<\/b><\/span><\/p><p><span style=\"text-decoration: underline;\"><a href=\"https:\/\/awpli.org\/wp-content\/uploads\/2024\/04\/Rederteminacion-del-Seguro-Medico.pdf\">REDERTEMINACION DEL SEGURO MEDICO<\/a><\/span><\/p><p><span style=\"text-decoration: underline;\"><a href=\"https:\/\/awpli.org\/wp-content\/uploads\/2024\/04\/YO-VALGO-EN-ESTE-PAIS.pdf\">YO VALGO EN ESTE PAI\u0301S<\/a><\/span><\/p><p><span style=\"text-decoration: underline;\"><a href=\"https:\/\/awpli.org\/wp-content\/uploads\/2024\/04\/LA-COMIDA-NO-PUEDE-DARME-TODO-LO-QUE-PIDO.pdf\">LA COMIDA NO PUEDE DARME TODO LO QUE PIDO<\/a><\/span><\/p><p><span style=\"text-decoration: underline;\"><a href=\"https:\/\/awpli.org\/wp-content\/uploads\/2024\/04\/\u00bfPOR-QUE-EMIGRE.pdf\">\u00bfPOR QUE\u0301 EMIGRE?<\/a><\/span><\/p><p><span style=\"text-decoration: underline;\"><a href=\"https:\/\/awpli.org\/wp-content\/uploads\/2024\/04\/EMPRENDER.pdf\">EMPRENDER<\/a><\/span><\/p>\t\t\t\t\t\t\t\t<\/div>\n\t\t\t\t<\/div>\n\t\t\t\t\t<\/div>\n\t\t<\/div>\n\t\t\t\t\t<\/div>\n\t\t<\/section>\n\t\t\t\t<section class=\"elementor-section elementor-top-section elementor-element elementor-element-6a07d42 elementor-section-boxed elementor-section-height-default elementor-section-height-default\" data-id=\"6a07d42\" data-element_type=\"section\">\n\t\t\t\t\t\t<div class=\"elementor-container elementor-column-gap-default\">\n\t\t\t\t\t<div class=\"elementor-column elementor-col-100 elementor-top-column elementor-element elementor-element-cc1c2fe\" data-id=\"cc1c2fe\" data-element_type=\"column\">\n\t\t\t<div class=\"elementor-widget-wrap elementor-element-populated\">\n\t\t\t\t\t\t<div class=\"elementor-element elementor-element-4efc094 elementor-widget elementor-widget-text-editor\" data-id=\"4efc094\" data-element_type=\"widget\" data-widget_type=\"text-editor.default\">\n\t\t\t\t<div class=\"elementor-widget-container\">\n\t\t\t\t\t\t\t\t\t<p><div class=\"wp-playlist wp-audio-playlist wp-playlist-light\">\n\t\t\t<div class=\"wp-playlist-current-item\"><\/div>\n\t\t<audio controls=\"controls\" preload=\"none\" width=\"640\"\n\t\t\t><\/audio>\n\t<div class=\"wp-playlist-next\"><\/div>\n\t<div class=\"wp-playlist-prev\"><\/div>\n\t<noscript>\n\t<ol>\n\t\t<li><a href='https:\/\/awpli.org\/wp-content\/uploads\/2024\/06\/ACA-ENTRE-NOSOTROS-Interview-Desmotivacion-con-la-Psicologa-Delia-Hernandez-Iwanowski.wav'>ACA\u0301 ENTRE NOSOTROS Interview &#8211; Desmotivacion con la Psicologa Delia Hernandez Iwanowski<\/a><\/li><li><a href='https:\/\/awpli.org\/wp-content\/uploads\/2024\/06\/La-Compresion.m4a'>La Compresio\u0301n<\/a><\/li><li><a href='https:\/\/awpli.org\/wp-content\/uploads\/2024\/06\/La-Tristeza.m4a'>La Tristeza<\/a><\/li><li><a href='https:\/\/awpli.org\/wp-content\/uploads\/2024\/06\/Personas-a-tu-alrededor.m4a'>Personas a tu alrededor<\/a><\/li>\t<\/ol>\n\t<\/noscript>\n\t<script type=\"application\/json\" class=\"wp-playlist-script\">{\"type\":\"audio\",\"tracklist\":true,\"tracknumbers\":true,\"images\":true,\"artists\":false,\"tracks\":[{\"src\":\"https:\/\/awpli.org\/wp-content\/uploads\/2024\/06\/ACA-ENTRE-NOSOTROS-Interview-Desmotivacion-con-la-Psicologa-Delia-Hernandez-Iwanowski.wav\",\"type\":\"audio\/wav\",\"title\":\"ACA\\u0301 ENTRE NOSOTROS Interview - Desmotivacion con la Psicologa Delia Hernandez Iwanowski\",\"caption\":\"\",\"description\":\"\\\"ACA\\u0301 ENTRE NOSOTROS Interview - Desmotivacion con la Psicologa Delia Hernandez Iwanowski\\\".\",\"meta\":{\"length_formatted\":\"20:33\"},\"image\":{\"src\":\"https:\/\/awpli.org\/wp-content\/uploads\/2023\/05\/cropped-cropped-AWPLI-Logos-11.png\",\"width\":511,\"height\":511},\"thumb\":{\"src\":\"https:\/\/awpli.org\/wp-content\/uploads\/2023\/05\/cropped-cropped-AWPLI-Logos-11-150x150.png\",\"width\":150,\"height\":150}},{\"src\":\"https:\/\/awpli.org\/wp-content\/uploads\/2024\/06\/La-Compresion.m4a\",\"type\":\"audio\/mpeg\",\"title\":\"La Compresio\\u0301n\",\"caption\":\"\",\"description\":\"\\\"La Compresio\\u0301n\\\".\",\"meta\":{\"length_formatted\":\"3:55\"},\"image\":{\"src\":\"https:\/\/awpli.org\/wp-content\/uploads\/2023\/05\/cropped-cropped-AWPLI-Logos-11.png\",\"width\":511,\"height\":511},\"thumb\":{\"src\":\"https:\/\/awpli.org\/wp-content\/uploads\/2023\/05\/cropped-cropped-AWPLI-Logos-11-150x150.png\",\"width\":150,\"height\":150}},{\"src\":\"https:\/\/awpli.org\/wp-content\/uploads\/2024\/06\/La-Tristeza.m4a\",\"type\":\"audio\/mpeg\",\"title\":\"La Tristeza\",\"caption\":\"\",\"description\":\"\\\"La Tristeza\\\".\",\"meta\":{\"length_formatted\":\"4:26\"},\"image\":{\"src\":\"https:\/\/awpli.org\/wp-content\/uploads\/2023\/05\/cropped-cropped-AWPLI-Logos-11.png\",\"width\":511,\"height\":511},\"thumb\":{\"src\":\"https:\/\/awpli.org\/wp-content\/uploads\/2023\/05\/cropped-cropped-AWPLI-Logos-11-150x150.png\",\"width\":150,\"height\":150}},{\"src\":\"https:\/\/awpli.org\/wp-content\/uploads\/2024\/06\/Personas-a-tu-alrededor.m4a\",\"type\":\"audio\/mpeg\",\"title\":\"Personas a tu alrededor\",\"caption\":\"\",\"description\":\"\\\"Personas a tu alrededor\\\".\",\"meta\":{\"length_formatted\":\"4:04\"},\"image\":{\"src\":\"https:\/\/awpli.org\/wp-content\/uploads\/2023\/05\/cropped-cropped-AWPLI-Logos-11.png\",\"width\":511,\"height\":511},\"thumb\":{\"src\":\"https:\/\/awpli.org\/wp-content\/uploads\/2023\/05\/cropped-cropped-AWPLI-Logos-11-150x150.png\",\"width\":150,\"height\":150}}]}<\/script>\n<\/div>\n\t<\/p>\t\t\t\t\t\t\t\t<\/div>\n\t\t\t\t<\/div>\n\t\t\t\t\t<\/div>\n\t\t<\/div>\n\t\t\t\t\t<\/div>\n\t\t<\/section>\n\t\t\t\t<\/div>","protected":false},"excerpt":{"rendered":"<p>LA&#8217;EL Longterm Assistance Empowering Latinos The Longterm Assistance Empowering Latinos (LA&#8217;EL) initiative is a comprehensive structural intervention designed to empower and support the Latino community over the long term. LAEL [&hellip;]<\/p>","protected":false},"author":37,"featured_media":15721,"parent":0,"menu_order":0,"comment_status":"closed","ping_status":"closed","template":"","meta":{"site-sidebar-layout":"no-sidebar","site-content-layout":"page-builder","ast-site-content-layout":"","site-content-style":"default","site-sidebar-style":"default","ast-global-header-display":"","ast-banner-title-visibility":"","ast-main-header-display":"","ast-hfb-above-header-display":"","ast-hfb-below-header-display":"","ast-hfb-mobile-header-display":"","site-post-title":"disabled","ast-breadcrumbs-content":"","ast-featured-img":"disabled","footer-sml-layout":"","theme-transparent-header-meta":"","adv-header-id-meta":"","stick-header-meta":"","header-above-stick-meta":"","header-main-stick-meta":"","header-below-stick-meta":"","astra-migrate-meta-layouts":"default","ast-page-background-enabled":"default","ast-page-background-meta":{"desktop":{"background-color":"","background-image":"","background-repeat":"repeat","background-position":"center center","background-size":"auto","background-attachment":"scroll","background-type":"","background-media":"","overlay-type":"","overlay-color":"","overlay-gradient":""},"tablet":{"background-color":"","background-image":"","background-repeat":"repeat","background-position":"center center","background-size":"auto","background-attachment":"scroll","background-type":"","background-media":"","overlay-type":"","overlay-color":"","overlay-gradient":""},"mobile":{"background-color":"","background-image":"","background-repeat":"repeat","background-position":"center center","background-size":"auto","background-attachment":"scroll","background-type":"","background-media":"","overlay-type":"","overlay-color":"","overlay-gradient":""}},"ast-content-background-meta":{"desktop":{"background-color":"var(--ast-global-color-5)","background-image":"","background-repeat":"repeat","background-position":"center center","background-size":"auto","background-attachment":"scroll","background-type":"","background-media":"","overlay-type":"","overlay-color":"","overlay-gradient":""},"tablet":{"background-color":"var(--ast-global-color-5)","background-image":"","background-repeat":"repeat","background-position":"center center","background-size":"auto","background-attachment":"scroll","background-type":"","background-media":"","overlay-type":"","overlay-color":"","overlay-gradient":""},"mobile":{"background-color":"var(--ast-global-color-5)","background-image":"","background-repeat":"repeat","background-position":"center center","background-size":"auto","background-attachment":"scroll","background-type":"","background-media":"","overlay-type":"","overlay-color":"","overlay-gradient":""}},"ngg_post_thumbnail":0,"jetpack_post_was_ever_published":false,"footnotes":""},"class_list":["post-15008","page","type-page","status-publish","has-post-thumbnail","hentry"],"jetpack_sharing_enabled":true,"jetpack_shortlink":"https:\/\/wp.me\/PdNQp3-3U4","_links":{"self":[{"href":"https:\/\/awpli.org\/es\/wp-json\/wp\/v2\/pages\/15008","targetHints":{"allow":["GET"]}}],"collection":[{"href":"https:\/\/awpli.org\/es\/wp-json\/wp\/v2\/pages"}],"about":[{"href":"https:\/\/awpli.org\/es\/wp-json\/wp\/v2\/types\/page"}],"author":[{"embeddable":true,"href":"https:\/\/awpli.org\/es\/wp-json\/wp\/v2\/users\/37"}],"replies":[{"embeddable":true,"href":"https:\/\/awpli.org\/es\/wp-json\/wp\/v2\/comments?post=15008"}],"version-history":[{"count":5,"href":"https:\/\/awpli.org\/es\/wp-json\/wp\/v2\/pages\/15008\/revisions"}],"predecessor-version":[{"id":16391,"href":"https:\/\/awpli.org\/es\/wp-json\/wp\/v2\/pages\/15008\/revisions\/16391"}],"wp:featuredmedia":[{"embeddable":true,"href":"https:\/\/awpli.org\/es\/wp-json\/wp\/v2\/media\/15721"}],"wp:attachment":[{"href":"https:\/\/awpli.org\/es\/wp-json\/wp\/v2\/media?parent=15008"}],"curies":[{"name":"wp","href":"https:\/\/api.w.org\/{rel}","templated":true}]}}