{"id":15869,"date":"2023-08-30T19:28:41","date_gmt":"2023-08-30T19:28:41","guid":{"rendered":"https:\/\/awpli.org\/?page_id=15869"},"modified":"2023-11-16T18:17:45","modified_gmt":"2023-11-16T18:17:45","slug":"psychosocial-services","status":"publish","type":"page","link":"https:\/\/awpli.org\/es\/psychosocial-services\/","title":{"rendered":"Servicios psicosociales"},"content":{"rendered":"<div data-elementor-type=\"wp-page\" data-elementor-id=\"15869\" class=\"elementor elementor-15869\">\n\t\t\t\t\t\t<section class=\"elementor-section elementor-top-section elementor-element elementor-element-65qfr0t elementor-section-boxed elementor-section-height-default elementor-section-height-default\" data-id=\"65qfr0t\" data-element_type=\"section\" data-settings=\"{&quot;background_background&quot;:&quot;classic&quot;}\">\n\t\t\t\t\t\t\t<div class=\"elementor-background-overlay\"><\/div>\n\t\t\t\t\t\t\t<div class=\"elementor-container elementor-column-gap-default\">\n\t\t\t\t\t<div class=\"elementor-column elementor-col-100 elementor-top-column elementor-element elementor-element-78af2ff\" data-id=\"78af2ff\" data-element_type=\"column\">\n\t\t\t<div class=\"elementor-widget-wrap elementor-element-populated\">\n\t\t\t\t\t\t<div class=\"elementor-element elementor-element-58ba8f4 elementor-widget elementor-widget-heading\" data-id=\"58ba8f4\" data-element_type=\"widget\" data-widget_type=\"heading.default\">\n\t\t\t\t<div class=\"elementor-widget-container\">\n\t\t\t\t\t<h1 class=\"elementor-heading-title elementor-size-default\">Servicios psicosociales<\/h1>\t\t\t\t<\/div>\n\t\t\t\t<\/div>\n\t\t\t\t\t<\/div>\n\t\t<\/div>\n\t\t\t\t\t<\/div>\n\t\t<\/section>\n\t\t\t\t<section class=\"elementor-section elementor-top-section elementor-element elementor-element-7eatf45 elementor-section-boxed elementor-section-height-default elementor-section-height-default\" data-id=\"7eatf45\" data-element_type=\"section\" data-settings=\"{&quot;background_background&quot;:&quot;classic&quot;}\">\n\t\t\t\t\t\t\t<div class=\"elementor-background-overlay\"><\/div>\n\t\t\t\t\t\t\t<div class=\"elementor-container elementor-column-gap-no\">\n\t\t\t\t\t<div class=\"elementor-column elementor-col-100 elementor-top-column elementor-element elementor-element-4b1c5ef\" data-id=\"4b1c5ef\" data-element_type=\"column\">\n\t\t\t<div class=\"elementor-widget-wrap elementor-element-populated\">\n\t\t\t\t\t\t<div class=\"elementor-element elementor-element-f95782d elementor-widget elementor-widget-text-editor\" data-id=\"f95782d\" data-element_type=\"widget\" data-widget_type=\"text-editor.default\">\n\t\t\t\t<div class=\"elementor-widget-container\">\n\t\t\t\t\t\t\t\t\t<p>Nuestro grupo de apoyo psicosocial est\u00e1 dirigido por facilitadores formados que conocen bien el VIH y su impacto en el bienestar f\u00edsico, emocional y social. Proporcionan un entorno de apoyo en el que los miembros pueden hablar abiertamente de sus sentimientos, preocupaciones y preguntas sin temor a ser juzgados. La confidencialidad es de suma importancia, creando una atm\u00f3sfera de confianza y confidencialidad entre el grupo.<\/p><p>En nuestro grupo de apoyo al VIH encontrar\u00e1 un entorno enriquecedor que fomenta la aceptaci\u00f3n, el respeto y la solidaridad. Los participantes pueden establecer fuertes v\u00ednculos con otras personas que comprenden los retos \u00fanicos que supone vivir con el VIH. Fomentamos la comunicaci\u00f3n abierta y la escucha activa, lo que permite a los miembros expresarse con libertad y autenticidad.<\/p><p>Nos esforzamos por capacitar a nuestros miembros proporcion\u00e1ndoles informaci\u00f3n actualizada sobre el tratamiento del VIH, los avances m\u00e9dicos y las estrategias de afrontamiento. La educaci\u00f3n es un componente clave de nuestras sesiones de grupo, que equipan a las personas de los conocimientos necesarios para hacerse cargo de su salud y tomar decisiones con conocimiento de causa.<\/p><p>Adem\u00e1s de abordar los aspectos m\u00e9dicos, nuestro grupo de apoyo tambi\u00e9n se centra en el bienestar emocional y psicosocial de nuestros miembros. Ofrecemos apoyo emocional, t\u00e9cnicas de afrontamiento y consejos para controlar el estr\u00e9s y la ansiedad. Juntos, exploramos distintas v\u00edas de crecimiento personal y resiliencia, ayud\u00e1ndonos mutuamente a llevar vidas plenas a pesar de los retos que pueda presentar el VIH.<\/p>\t\t\t\t\t\t\t\t<\/div>\n\t\t\t\t<\/div>\n\t\t\t\t\t<\/div>\n\t\t<\/div>\n\t\t\t\t\t<\/div>\n\t\t<\/section>\n\t\t\t\t<section class=\"elementor-section elementor-top-section elementor-element elementor-element-31ee80b elementor-section-boxed elementor-section-height-default elementor-section-height-default\" data-id=\"31ee80b\" data-element_type=\"section\" data-settings=\"{&quot;background_background&quot;:&quot;classic&quot;}\">\n\t\t\t\t\t\t<div class=\"elementor-container elementor-column-gap-default\">\n\t\t\t\t\t<div class=\"elementor-column elementor-col-100 elementor-top-column elementor-element elementor-element-984ad9f\" data-id=\"984ad9f\" data-element_type=\"column\">\n\t\t\t<div class=\"elementor-widget-wrap elementor-element-populated\">\n\t\t\t\t\t\t<div class=\"elementor-element elementor-element-7ce6178 elementor-widget elementor-widget-image\" data-id=\"7ce6178\" data-element_type=\"widget\" data-widget_type=\"image.default\">\n\t\t\t\t<div class=\"elementor-widget-container\">\n\t\t\t\t\t\t\t\t\t\t\t\t\t\t\t<img fetchpriority=\"high\" decoding=\"async\" width=\"791\" height=\"1024\" src=\"https:\/\/awpli.org\/wp-content\/uploads\/2023\/08\/H.A.p.p.y-2-1-791x1024.png\" class=\"attachment-large size-large wp-image-15894\" alt=\"\" srcset=\"https:\/\/awpli.org\/wp-content\/uploads\/2023\/08\/H.A.p.p.y-2-1-791x1024.png 791w, https:\/\/awpli.org\/wp-content\/uploads\/2023\/08\/H.A.p.p.y-2-1-232x300.png 232w, https:\/\/awpli.org\/wp-content\/uploads\/2023\/08\/H.A.p.p.y-2-1-768x994.png 768w, https:\/\/awpli.org\/wp-content\/uploads\/2023\/08\/H.A.p.p.y-2-1-1187x1536.png 1187w, https:\/\/awpli.org\/wp-content\/uploads\/2023\/08\/H.A.p.p.y-2-1-9x12.png 9w, https:\/\/awpli.org\/wp-content\/uploads\/2023\/08\/H.A.p.p.y-2-1-1320x1709.png 1320w, https:\/\/awpli.org\/wp-content\/uploads\/2023\/08\/H.A.p.p.y-2-1-600x777.png 600w, https:\/\/awpli.org\/wp-content\/uploads\/2023\/08\/H.A.p.p.y-2-1.png 1545w\" sizes=\"(max-width: 791px) 100vw, 791px\" \/>\t\t\t\t\t\t\t\t\t\t\t\t\t\t\t<\/div>\n\t\t\t\t<\/div>\n\t\t\t\t\t<\/div>\n\t\t<\/div>\n\t\t\t\t\t<\/div>\n\t\t<\/section>\n\t\t\t\t<section class=\"elementor-section elementor-top-section elementor-element elementor-element-ee75ec1 elementor-section-boxed elementor-section-height-default elementor-section-height-default\" data-id=\"ee75ec1\" data-element_type=\"section\" data-settings=\"{&quot;background_background&quot;:&quot;classic&quot;}\">\n\t\t\t\t\t\t<div class=\"elementor-container elementor-column-gap-default\">\n\t\t\t\t\t<div class=\"elementor-column elementor-col-100 elementor-top-column elementor-element elementor-element-cec8d19\" data-id=\"cec8d19\" data-element_type=\"column\">\n\t\t\t<div class=\"elementor-widget-wrap elementor-element-populated\">\n\t\t\t\t\t\t<div class=\"elementor-element elementor-element-ece40a3 elementor-widget-divider--view-line elementor-widget elementor-widget-divider\" data-id=\"ece40a3\" data-element_type=\"widget\" data-widget_type=\"divider.default\">\n\t\t\t\t<div class=\"elementor-widget-container\">\n\t\t\t\t\t\t\t<div class=\"elementor-divider\">\n\t\t\t<span class=\"elementor-divider-separator\">\n\t\t\t\t\t\t<\/span>\n\t\t<\/div>\n\t\t\t\t\t\t<\/div>\n\t\t\t\t<\/div>\n\t\t\t\t\t<\/div>\n\t\t<\/div>\n\t\t\t\t\t<\/div>\n\t\t<\/section>\n\t\t\t\t<section class=\"elementor-section elementor-top-section elementor-element elementor-element-ec01cd5 elementor-section-boxed elementor-section-height-default elementor-section-height-default\" data-id=\"ec01cd5\" data-element_type=\"section\" data-settings=\"{&quot;background_background&quot;:&quot;classic&quot;}\">\n\t\t\t\t\t\t<div class=\"elementor-container elementor-column-gap-default\">\n\t\t\t\t\t<div class=\"elementor-column elementor-col-100 elementor-top-column elementor-element elementor-element-8cd100e\" data-id=\"8cd100e\" data-element_type=\"column\">\n\t\t\t<div class=\"elementor-widget-wrap elementor-element-populated\">\n\t\t\t\t\t\t<div class=\"elementor-element elementor-element-35c30f6 elementor-widget elementor-widget-heading\" data-id=\"35c30f6\" data-element_type=\"widget\" data-widget_type=\"heading.default\">\n\t\t\t\t<div class=\"elementor-widget-container\">\n\t\t\t\t\t<h4 class=\"elementor-heading-title elementor-size-default\">\u00bfQuiere saber m\u00e1s? Env\u00edenos un mensaje.<\/h4>\t\t\t\t<\/div>\n\t\t\t\t<\/div>\n\t\t\t\t\t<\/div>\n\t\t<\/div>\n\t\t\t\t\t<\/div>\n\t\t<\/section>\n\t\t\t\t<section class=\"elementor-section elementor-top-section elementor-element elementor-element-9acb53e elementor-section-boxed elementor-section-height-default elementor-section-height-default\" data-id=\"9acb53e\" data-element_type=\"section\" data-settings=\"{&quot;background_background&quot;:&quot;classic&quot;}\">\n\t\t\t\t\t\t<div class=\"elementor-container elementor-column-gap-default\">\n\t\t\t\t\t<div class=\"elementor-column elementor-col-100 elementor-top-column elementor-element elementor-element-90b96c7\" data-id=\"90b96c7\" data-element_type=\"column\">\n\t\t\t<div class=\"elementor-widget-wrap elementor-element-populated\">\n\t\t\t\t\t\t<div class=\"elementor-element elementor-element-cdb4651 elementor-widget elementor-widget-wpforms\" data-id=\"cdb4651\" data-element_type=\"widget\" data-widget_type=\"wpforms.default\">\n\t\t\t\t<div class=\"elementor-widget-container\">\n\t\t\t\t\t<div class=\"wpforms-container wpf-center\" id=\"wpforms-15885\"><form id=\"wpforms-form-15885\" class=\"wpforms-validate wpforms-form wpforms-ajax-form\" data-formid=\"15885\" method=\"post\" enctype=\"multipart\/form-data\" action=\"\/es\/wp-json\/wp\/v2\/pages\/15869\" data-token=\"ceef69a0cb2a3145382e1c86196cd8c7\" data-token-time=\"1776965991\" data-trp-original-action=\"\/es\/wp-json\/wp\/v2\/pages\/15869\"><noscript class=\"wpforms-error-noscript\">Por favor, activa JavaScript en tu navegador para completar este formulario.<\/noscript><div class=\"wpforms-field-container\"><div id=\"wpforms-15885-field_0-container\" class=\"wpforms-field wpforms-field-name\" data-field-id=\"0\"><label class=\"wpforms-field-label\">Nombre <span class=\"wpforms-required-label\">*<\/span><\/label><div class=\"wpforms-field-row wpforms-field-large\"><div class=\"wpforms-field-row-block wpforms-first wpforms-one-half\"><input type=\"text\" id=\"wpforms-15885-field_0\" class=\"wpforms-field-name-first wpforms-field-required\" name=\"wpforms[fields][0][first]\" required><label for=\"wpforms-15885-field_0\" class=\"wpforms-field-sublabel after\">Nombre<\/label><\/div><div class=\"wpforms-field-row-block wpforms-one-half\"><input type=\"text\" id=\"wpforms-15885-field_0-last\" class=\"wpforms-field-name-last wpforms-field-required\" name=\"wpforms[fields][0][last]\" required><label for=\"wpforms-15885-field_0-last\" class=\"wpforms-field-sublabel after\">Apellidos<\/label><\/div><\/div><\/div><div id=\"wpforms-15885-field_1-container\" class=\"wpforms-field wpforms-field-email\" data-field-id=\"1\"><label class=\"wpforms-field-label\" for=\"wpforms-15885-field_1\">Correo electr\u00f3nico <span class=\"wpforms-required-label\">*<\/span><\/label><input type=\"email\" id=\"wpforms-15885-field_1\" class=\"wpforms-field-large wpforms-field-required\" name=\"wpforms[fields][1]\" spellcheck=\"false\" required><\/div><div id=\"wpforms-15885-field_2-container\" class=\"wpforms-field wpforms-field-textarea\" data-field-id=\"2\"><label class=\"wpforms-field-label\" for=\"wpforms-15885-field_2\">Mensaje<\/label><textarea id=\"wpforms-15885-field_2\" class=\"wpforms-field-medium\" name=\"wpforms[fields][2]\" ><\/textarea><\/div><\/div><!-- .wpforms-field-container --><div class=\"wpforms-submit-container\" ><input type=\"hidden\" name=\"wpforms[id]\" value=\"15885\"><input type=\"hidden\" name=\"page_title\" value=\"\"><input type=\"hidden\" name=\"page_url\" value=\"https:\/\/awpli.org\/es\/wp-json\/wp\/v2\/pages\/15869\"><input type=\"hidden\" name=\"url_referer\" value=\"\"><button type=\"submit\" name=\"wpforms[submit]\" id=\"wpforms-submit-15885\" class=\"wpforms-submit\" data-alt-text=\"Sending...\" data-submit-text=\"Submit\" aria-live=\"assertive\" value=\"wpforms-submit\">Enviar<\/button><img decoding=\"async\" src=\"https:\/\/awpli.org\/wp-content\/plugins\/wpforms-lite\/assets\/images\/submit-spin.svg\" class=\"wpforms-submit-spinner\" style=\"display: none;\" width=\"26\" height=\"26\" alt=\"Cargando\"><\/div><input type=\"hidden\" name=\"trp-form-language\" value=\"es\"\/><\/form><\/div>  <!-- .wpforms-container -->\t\t\t\t<\/div>\n\t\t\t\t<\/div>\n\t\t\t\t\t<\/div>\n\t\t<\/div>\n\t\t\t\t\t<\/div>\n\t\t<\/section>\n\t\t\t\t<\/div>","protected":false},"excerpt":{"rendered":"<p>Psychosocial Services Our psychosocial support group is led by trained facilitators who are knowledgeable about HIV and its impact on physical, emotional, and social well-being. They provide a supportive environment [&hellip;]<\/p>","protected":false},"author":37,"featured_media":15867,"parent":0,"menu_order":0,"comment_status":"closed","ping_status":"closed","template":"","meta":{"site-sidebar-layout":"no-sidebar","site-content-layout":"page-builder","ast-site-content-layout":"","site-content-style":"default","site-sidebar-style":"default","ast-global-header-display":"","ast-banner-title-visibility":"","ast-main-header-display":"","ast-hfb-above-header-display":"","ast-hfb-below-header-display":"","ast-hfb-mobile-header-display":"","site-post-title":"disabled","ast-breadcrumbs-content":"","ast-featured-img":"disabled","footer-sml-layout":"","theme-transparent-header-meta":"","adv-header-id-meta":"","stick-header-meta":"","header-above-stick-meta":"","header-main-stick-meta":"","header-below-stick-meta":"","astra-migrate-meta-layouts":"default","ast-page-background-enabled":"default","ast-page-background-meta":{"desktop":{"background-color":"","background-image":"","background-repeat":"repeat","background-position":"center center","background-size":"auto","background-attachment":"scroll","background-type":"","background-media":"","overlay-type":"","overlay-color":"","overlay-gradient":""},"tablet":{"background-color":"","background-image":"","background-repeat":"repeat","background-position":"center center","background-size":"auto","background-attachment":"scroll","background-type":"","background-media":"","overlay-type":"","overlay-color":"","overlay-gradient":""},"mobile":{"background-color":"","background-image":"","background-repeat":"repeat","background-position":"center center","background-size":"auto","background-attachment":"scroll","background-type":"","background-media":"","overlay-type":"","overlay-color":"","overlay-gradient":""}},"ast-content-background-meta":{"desktop":{"background-color":"var(--ast-global-color-5)","background-image":"","background-repeat":"repeat","background-position":"center center","background-size":"auto","background-attachment":"scroll","background-type":"","background-media":"","overlay-type":"","overlay-color":"","overlay-gradient":""},"tablet":{"background-color":"var(--ast-global-color-5)","background-image":"","background-repeat":"repeat","background-position":"center center","background-size":"auto","background-attachment":"scroll","background-type":"","background-media":"","overlay-type":"","overlay-color":"","overlay-gradient":""},"mobile":{"background-color":"var(--ast-global-color-5)","background-image":"","background-repeat":"repeat","background-position":"center center","background-size":"auto","background-attachment":"scroll","background-type":"","background-media":"","overlay-type":"","overlay-color":"","overlay-gradient":""}},"ngg_post_thumbnail":0,"jetpack_post_was_ever_published":false,"footnotes":""},"class_list":["post-15869","page","type-page","status-publish","has-post-thumbnail","hentry"],"jetpack_sharing_enabled":true,"jetpack_shortlink":"https:\/\/wp.me\/PdNQp3-47X","_links":{"self":[{"href":"https:\/\/awpli.org\/es\/wp-json\/wp\/v2\/pages\/15869","targetHints":{"allow":["GET"]}}],"collection":[{"href":"https:\/\/awpli.org\/es\/wp-json\/wp\/v2\/pages"}],"about":[{"href":"https:\/\/awpli.org\/es\/wp-json\/wp\/v2\/types\/page"}],"author":[{"embeddable":true,"href":"https:\/\/awpli.org\/es\/wp-json\/wp\/v2\/users\/37"}],"replies":[{"embeddable":true,"href":"https:\/\/awpli.org\/es\/wp-json\/wp\/v2\/comments?post=15869"}],"version-history":[{"count":5,"href":"https:\/\/awpli.org\/es\/wp-json\/wp\/v2\/pages\/15869\/revisions"}],"predecessor-version":[{"id":16059,"href":"https:\/\/awpli.org\/es\/wp-json\/wp\/v2\/pages\/15869\/revisions\/16059"}],"wp:featuredmedia":[{"embeddable":true,"href":"https:\/\/awpli.org\/es\/wp-json\/wp\/v2\/media\/15867"}],"wp:attachment":[{"href":"https:\/\/awpli.org\/es\/wp-json\/wp\/v2\/media?parent=15869"}],"curies":[{"name":"wp","href":"https:\/\/api.w.org\/{rel}","templated":true}]}}